{"id":9,"date":"2015-06-04T01:25:46","date_gmt":"2015-06-03T23:25:46","guid":{"rendered":"http:\/\/localhost\/eleader\/?page_id=9"},"modified":"2025-07-17T08:29:08","modified_gmt":"2025-07-17T06:29:08","slug":"shelf-recognition","status":"publish","type":"page","link":"https:\/\/www.eleader.biz\/pl\/shelf-recognition\/","title":{"rendered":"Shelf Recognition AI"},"content":{"rendered":"","protected":false},"excerpt":{"rendered":"","protected":false},"author":12,"featured_media":0,"parent":0,"menu_order":0,"comment_status":"open","ping_status":"open","template":"","meta":{"_acf_changed":false,"content-type":"","inline_featured_image":false,"footnotes":""},"class_list":["post-9","page","type-page","status-publish","hentry"],"acf":[],"yoast_head":"<!-- This site is optimized with the Yoast SEO Premium plugin v22.2 (Yoast SEO v26.6) - https:\/\/yoast.com\/wordpress\/plugins\/seo\/ -->\n<title>Shelf Recognition AI - automatyzacja badania p\u00f3\u0142ki<\/title>\n<meta name=\"description\" content=\"Shelf Recognition AI - pe\u0142na informacja o facingu, obecno\u015bci, konkurencji, udziale w p\u00f3\u0142ce, czy cenach pozyskana za pomoc\u0105 zdj\u0119cia p\u00f3\u0142ki.\" \/>\n<meta name=\"robots\" content=\"index, follow, max-snippet:-1, max-image-preview:large, max-video-preview:-1\" \/>\n<link rel=\"canonical\" href=\"https:\/\/www.eleader.biz\/pl\/shelf-recognition\/\" \/>\n<meta property=\"og:locale\" content=\"pl_PL\" \/>\n<meta property=\"og:type\" content=\"article\" \/>\n<meta property=\"og:title\" content=\"eLeader Shelf Recognition AI - Raport z p\u00f3\u0142ki jednym zdj\u0119ciem\" \/>\n<meta property=\"og:description\" content=\"eLeader Shelf Recognition AI to pe\u0142na informacja o facingu, dost\u0119pno\u015bci konkurencji, udziale w p\u00f3\u0142ce, stopniu realizacji planogramu itp. pozyskana za pomoc\u0105 zdj\u0119\u0107 analizowanych przy pomocy sztucznej inteligencji (deep learning).\" \/>\n<meta property=\"og:url\" content=\"https:\/\/www.eleader.biz\/pl\/shelf-recognition\/\" \/>\n<meta property=\"og:site_name\" content=\"eLeader\" \/>\n<meta property=\"article:modified_time\" content=\"2025-07-17T06:29:08+00:00\" \/>\n<meta property=\"og:image\" content=\"https:\/\/www.eleader.biz\/wp-content\/uploads\/2019\/01\/eleader-shelf-recognition-ai-background-color.png\" \/>\n\t<meta property=\"og:image:width\" content=\"1920\" \/>\n\t<meta property=\"og:image:height\" content=\"715\" \/>\n\t<meta property=\"og:image:type\" content=\"image\/png\" \/>\n<meta name=\"twitter:card\" content=\"summary_large_image\" \/>\n<meta name=\"twitter:title\" content=\"Shelf Recognition AI\" \/>\n<meta name=\"twitter:site\" content=\"@eLeaderMobile\" \/>\n<script type=\"application\/ld+json\" class=\"yoast-schema-graph\">{\"@context\":\"https:\/\/schema.org\",\"@graph\":[{\"@type\":\"WebPage\",\"@id\":\"https:\/\/www.eleader.biz\/pl\/shelf-recognition\/\",\"url\":\"https:\/\/www.eleader.biz\/pl\/shelf-recognition\/\",\"name\":\"Shelf Recognition AI - automatyzacja badania p\u00f3\u0142ki\",\"isPartOf\":{\"@id\":\"https:\/\/www.eleader.biz\/pl\/#website\"},\"datePublished\":\"2015-06-03T23:25:46+00:00\",\"dateModified\":\"2025-07-17T06:29:08+00:00\",\"description\":\"Shelf Recognition AI - pe\u0142na informacja o facingu, obecno\u015bci, konkurencji, udziale w p\u00f3\u0142ce, czy cenach pozyskana za pomoc\u0105 zdj\u0119cia p\u00f3\u0142ki.\",\"breadcrumb\":{\"@id\":\"https:\/\/www.eleader.biz\/pl\/shelf-recognition\/#breadcrumb\"},\"inLanguage\":\"pl-PL\",\"potentialAction\":[{\"@type\":\"ReadAction\",\"target\":[\"https:\/\/www.eleader.biz\/pl\/shelf-recognition\/\"]}]},{\"@type\":\"BreadcrumbList\",\"@id\":\"https:\/\/www.eleader.biz\/pl\/shelf-recognition\/#breadcrumb\",\"itemListElement\":[{\"@type\":\"ListItem\",\"position\":1,\"name\":\"Strona g\u0142\u00f3wna\",\"item\":\"https:\/\/www.eleader.biz\/pl\/\"},{\"@type\":\"ListItem\",\"position\":2,\"name\":\"Shelf Recognition AI\"}]},{\"@type\":\"WebSite\",\"@id\":\"https:\/\/www.eleader.biz\/pl\/#website\",\"url\":\"https:\/\/www.eleader.biz\/pl\/\",\"name\":\"eLeader\",\"description\":\"Aplikacje dla profesjonalist\u00f3w usprawniaj\u0105ce procesy biznesowe w sprzeda\u017cy\",\"potentialAction\":[{\"@type\":\"SearchAction\",\"target\":{\"@type\":\"EntryPoint\",\"urlTemplate\":\"https:\/\/www.eleader.biz\/pl\/?s={search_term_string}\"},\"query-input\":{\"@type\":\"PropertyValueSpecification\",\"valueRequired\":true,\"valueName\":\"search_term_string\"}}],\"inLanguage\":\"pl-PL\"}]}<\/script>\n<!-- \/ Yoast SEO Premium plugin. -->","yoast_head_json":{"title":"Shelf Recognition AI - automatyzacja badania p\u00f3\u0142ki","description":"Shelf Recognition AI - pe\u0142na informacja o facingu, obecno\u015bci, konkurencji, udziale w p\u00f3\u0142ce, czy cenach pozyskana za pomoc\u0105 zdj\u0119cia p\u00f3\u0142ki.","robots":{"index":"index","follow":"follow","max-snippet":"max-snippet:-1","max-image-preview":"max-image-preview:large","max-video-preview":"max-video-preview:-1"},"canonical":"https:\/\/www.eleader.biz\/pl\/shelf-recognition\/","og_locale":"pl_PL","og_type":"article","og_title":"eLeader Shelf Recognition AI - Raport z p\u00f3\u0142ki jednym zdj\u0119ciem","og_description":"eLeader Shelf Recognition AI to pe\u0142na informacja o facingu, dost\u0119pno\u015bci konkurencji, udziale w p\u00f3\u0142ce, stopniu realizacji planogramu itp. pozyskana za pomoc\u0105 zdj\u0119\u0107 analizowanych przy pomocy sztucznej inteligencji (deep learning).","og_url":"https:\/\/www.eleader.biz\/pl\/shelf-recognition\/","og_site_name":"eLeader","article_modified_time":"2025-07-17T06:29:08+00:00","og_image":[{"width":1920,"height":715,"url":"https:\/\/www.eleader.biz\/wp-content\/uploads\/2019\/01\/eleader-shelf-recognition-ai-background-color.png","type":"image\/png"}],"twitter_card":"summary_large_image","twitter_title":"Shelf Recognition AI","twitter_site":"@eLeaderMobile","schema":{"@context":"https:\/\/schema.org","@graph":[{"@type":"WebPage","@id":"https:\/\/www.eleader.biz\/pl\/shelf-recognition\/","url":"https:\/\/www.eleader.biz\/pl\/shelf-recognition\/","name":"Shelf Recognition AI - automatyzacja badania p\u00f3\u0142ki","isPartOf":{"@id":"https:\/\/www.eleader.biz\/pl\/#website"},"datePublished":"2015-06-03T23:25:46+00:00","dateModified":"2025-07-17T06:29:08+00:00","description":"Shelf Recognition AI - pe\u0142na informacja o facingu, obecno\u015bci, konkurencji, udziale w p\u00f3\u0142ce, czy cenach pozyskana za pomoc\u0105 zdj\u0119cia p\u00f3\u0142ki.","breadcrumb":{"@id":"https:\/\/www.eleader.biz\/pl\/shelf-recognition\/#breadcrumb"},"inLanguage":"pl-PL","potentialAction":[{"@type":"ReadAction","target":["https:\/\/www.eleader.biz\/pl\/shelf-recognition\/"]}]},{"@type":"BreadcrumbList","@id":"https:\/\/www.eleader.biz\/pl\/shelf-recognition\/#breadcrumb","itemListElement":[{"@type":"ListItem","position":1,"name":"Strona g\u0142\u00f3wna","item":"https:\/\/www.eleader.biz\/pl\/"},{"@type":"ListItem","position":2,"name":"Shelf Recognition AI"}]},{"@type":"WebSite","@id":"https:\/\/www.eleader.biz\/pl\/#website","url":"https:\/\/www.eleader.biz\/pl\/","name":"eLeader","description":"Aplikacje dla profesjonalist\u00f3w usprawniaj\u0105ce procesy biznesowe w sprzeda\u017cy","potentialAction":[{"@type":"SearchAction","target":{"@type":"EntryPoint","urlTemplate":"https:\/\/www.eleader.biz\/pl\/?s={search_term_string}"},"query-input":{"@type":"PropertyValueSpecification","valueRequired":true,"valueName":"search_term_string"}}],"inLanguage":"pl-PL"}]}},"_links":{"self":[{"href":"https:\/\/www.eleader.biz\/pl\/wp-json\/wp\/v2\/pages\/9","targetHints":{"allow":["GET"]}}],"collection":[{"href":"https:\/\/www.eleader.biz\/pl\/wp-json\/wp\/v2\/pages"}],"about":[{"href":"https:\/\/www.eleader.biz\/pl\/wp-json\/wp\/v2\/types\/page"}],"author":[{"embeddable":true,"href":"https:\/\/www.eleader.biz\/pl\/wp-json\/wp\/v2\/users\/12"}],"replies":[{"embeddable":true,"href":"https:\/\/www.eleader.biz\/pl\/wp-json\/wp\/v2\/comments?post=9"}],"version-history":[{"count":43,"href":"https:\/\/www.eleader.biz\/pl\/wp-json\/wp\/v2\/pages\/9\/revisions"}],"predecessor-version":[{"id":61157,"href":"https:\/\/www.eleader.biz\/pl\/wp-json\/wp\/v2\/pages\/9\/revisions\/61157"}],"wp:attachment":[{"href":"https:\/\/www.eleader.biz\/pl\/wp-json\/wp\/v2\/media?parent=9"}],"curies":[{"name":"wp","href":"https:\/\/api.w.org\/{rel}","templated":true}]}}